{"id":50,"date":"2022-07-08T22:48:40","date_gmt":"2022-07-08T21:48:40","guid":{"rendered":"http:\/\/kjvaerksted.dk\/?page_id=50"},"modified":"2023-04-01T09:08:46","modified_gmt":"2023-04-01T08:08:46","slug":"kontakt_2","status":"publish","type":"page","link":"https:\/\/kjvaerksted.dk\/?page_id=50","title":{"rendered":"Kontakt_2"},"content":{"rendered":"\t\t<div data-elementor-type=\"wp-page\" data-elementor-id=\"50\" class=\"elementor elementor-50\">\n\t\t\t\t\t\t<section class=\"elementor-section elementor-top-section elementor-element elementor-element-bb17201 elementor-section-boxed elementor-section-height-default elementor-section-height-default\" data-id=\"bb17201\" data-element_type=\"section\" data-e-type=\"section\">\n\t\t\t\t\t\t<div class=\"elementor-container elementor-column-gap-default\">\n\t\t\t\t\t<div class=\"elementor-column elementor-col-100 elementor-top-column elementor-element elementor-element-a901dbe\" data-id=\"a901dbe\" data-element_type=\"column\" data-e-type=\"column\">\n\t\t\t<div class=\"elementor-widget-wrap elementor-element-populated\">\n\t\t\t\t\t\t<div class=\"elementor-element elementor-element-94018d5 elementor-widget elementor-widget-heading\" data-id=\"94018d5\" data-element_type=\"widget\" data-e-type=\"widget\" data-widget_type=\"heading.default\">\n\t\t\t\t<div class=\"elementor-widget-container\">\n\t\t\t\t\t<h1 class=\"elementor-heading-title elementor-size-default\">Kontakt<\/h1>\t\t\t\t<\/div>\n\t\t\t\t<\/div>\n\t\t\t\t<section class=\"elementor-section elementor-inner-section elementor-element elementor-element-7cfaceb elementor-section-boxed elementor-section-height-default elementor-section-height-default\" data-id=\"7cfaceb\" data-element_type=\"section\" data-e-type=\"section\">\n\t\t\t\t\t\t<div class=\"elementor-container elementor-column-gap-default\">\n\t\t\t\t\t<div class=\"elementor-column elementor-col-50 elementor-inner-column elementor-element elementor-element-1305cb7\" data-id=\"1305cb7\" data-element_type=\"column\" data-e-type=\"column\">\n\t\t\t<div class=\"elementor-widget-wrap elementor-element-populated\">\n\t\t\t\t\t\t<div class=\"elementor-element elementor-element-c5e8fb8 elementor-widget elementor-widget-text-editor\" data-id=\"c5e8fb8\" data-element_type=\"widget\" data-e-type=\"widget\" data-widget_type=\"text-editor.default\">\n\t\t\t\t<div class=\"elementor-widget-container\">\n\t\t\t\t\t\t\t\t\t<p style=\"font-size: 15px; font-style: normal; font-weight: 400; color: #000000; font-family: Cairo, sans-serif;\">Vi kan kontaktes p\u00e5 f\u00f8lgende m\u00e5der:<br \/><span style=\"font-style: inherit; font-weight: inherit; background-color: var(--ast-global-color-5);\"><br \/><\/span><\/p><p style=\"font-size: 15px; font-style: normal; font-weight: 400; color: #000000; font-family: Cairo, sans-serif;\"><span style=\"font-style: inherit; background-color: var(--ast-global-color-5);\"><span style=\"font-weight: bold;\">Telefonnummer:<\/span><\/span><span style=\"font-style: inherit; font-weight: inherit; background-color: var(--ast-global-color-5);\">\u00a0+45 26420392\u00a0\u00a0<\/span><span style=\"font-weight: inherit; background-color: var(--ast-global-color-5);\"><i>(Mandag &#8211; Fredag kl. 8 &#8211; 16)<\/i><\/span><\/p><p style=\"font-size: 15px; font-style: normal; font-weight: 400; color: #000000; font-family: Cairo, sans-serif;\"><span style=\"font-weight: bold;\">Email:<\/span>\u00a0kjvaerksted@gmail.com<br \/><br \/><\/p><p style=\"font-size: 15px; font-style: normal; font-weight: 400; color: #000000; font-family: Cairo, sans-serif;\">Udenfor vores normale \u00e5bningstid kan vi kontaktes ved brug af formularen herunder.<\/p><p style=\"font-size: 15px; font-style: normal; font-weight: 400; color: #000000; font-family: Cairo, sans-serif;\">Vi bestr\u00e6ber os p\u00e5 at svare inden for 1-2 arbejdsdage og \u00f8nsker en god dialog om hvad vi kan v\u00e6re behj\u00e6lpelige med.<\/p>\t\t\t\t\t\t\t\t<\/div>\n\t\t\t\t<\/div>\n\t\t\t\t\t<\/div>\n\t\t<\/div>\n\t\t\t\t<div class=\"elementor-column elementor-col-50 elementor-inner-column elementor-element elementor-element-6e46640\" data-id=\"6e46640\" data-element_type=\"column\" data-e-type=\"column\">\n\t\t\t<div class=\"elementor-widget-wrap elementor-element-populated\">\n\t\t\t\t\t\t<div class=\"elementor-element elementor-element-8279c8b elementor-widget elementor-widget-image\" data-id=\"8279c8b\" data-element_type=\"widget\" data-e-type=\"widget\" data-widget_type=\"image.default\">\n\t\t\t\t<div class=\"elementor-widget-container\">\n\t\t\t\t\t\t\t\t\t\t\t\t\t\t\t<img fetchpriority=\"high\" decoding=\"async\" width=\"300\" height=\"300\" src=\"https:\/\/kjvaerksted.dk\/wp-content\/uploads\/2022\/07\/blank-profile-picture-973460_640-300x300.png\" class=\"attachment-medium size-medium wp-image-90\" alt=\"\" srcset=\"https:\/\/kjvaerksted.dk\/wp-content\/uploads\/2022\/07\/blank-profile-picture-973460_640-300x300.png 300w, https:\/\/kjvaerksted.dk\/wp-content\/uploads\/2022\/07\/blank-profile-picture-973460_640-150x150.png 150w, https:\/\/kjvaerksted.dk\/wp-content\/uploads\/2022\/07\/blank-profile-picture-973460_640.png 640w\" sizes=\"(max-width: 300px) 100vw, 300px\" \/>\t\t\t\t\t\t\t\t\t\t\t\t\t\t\t<\/div>\n\t\t\t\t<\/div>\n\t\t\t\t\t<\/div>\n\t\t<\/div>\n\t\t\t\t\t<\/div>\n\t\t<\/section>\n\t\t\t\t<div class=\"elementor-element elementor-element-bba49f5 elementor-widget elementor-widget-wpforms\" data-id=\"bba49f5\" data-element_type=\"widget\" data-e-type=\"widget\" data-widget_type=\"wpforms.default\">\n\t\t\t\t<div class=\"elementor-widget-container\">\n\t\t\t\t\t<div class=\"wpforms-container wpforms-container-full\" id=\"wpforms-52\"><form id=\"wpforms-form-52\" class=\"wpforms-validate wpforms-form wpforms-ajax-form\" data-formid=\"52\" method=\"post\" enctype=\"multipart\/form-data\" action=\"\/index.php?rest_route=%2Fwp%2Fv2%2Fpages%2F50\" data-token=\"190701197c2ac37417d1c8a281efbc4d\" data-token-time=\"1776213444\"><noscript class=\"wpforms-error-noscript\">Please enable JavaScript in your browser to complete this form.<\/noscript><div class=\"wpforms-field-container\"><div id=\"wpforms-52-field_0-container\" class=\"wpforms-field wpforms-field-name\" data-field-id=\"0\"><label class=\"wpforms-field-label\" for=\"wpforms-52-field_0\">Navn <span class=\"wpforms-required-label\">*<\/span><\/label><input type=\"text\" id=\"wpforms-52-field_0\" class=\"wpforms-field-medium wpforms-field-required\" name=\"wpforms[fields][0]\" required><\/div><div id=\"wpforms-52-field_4-container\" class=\"wpforms-field wpforms-field-number\" data-field-id=\"4\"><label class=\"wpforms-field-label\" for=\"wpforms-52-field_4\">Telefonnummer<\/label><input type=\"number\" id=\"wpforms-52-field_4\" class=\"wpforms-field-medium\" name=\"wpforms[fields][4]\" step=\"any\" ><\/div><div id=\"wpforms-52-field_1-container\" class=\"wpforms-field wpforms-field-email\" data-field-id=\"1\"><label class=\"wpforms-field-label\" for=\"wpforms-52-field_1\">Email<\/label><input type=\"email\" id=\"wpforms-52-field_1\" class=\"wpforms-field-medium\" name=\"wpforms[fields][1]\" spellcheck=\"false\" ><\/div><div id=\"wpforms-52-field_2-container\" class=\"wpforms-field wpforms-field-textarea\" data-field-id=\"2\"><label class=\"wpforms-field-label\" for=\"wpforms-52-field_2\">Kommentarer <span class=\"wpforms-required-label\">*<\/span><\/label><textarea id=\"wpforms-52-field_2\" class=\"wpforms-field-medium wpforms-field-required\" name=\"wpforms[fields][2]\" required><\/textarea><\/div><\/div><!-- .wpforms-field-container --><div class=\"wpforms-recaptcha-container wpforms-is-recaptcha wpforms-is-recaptcha-type-v3\" ><input type=\"hidden\" name=\"wpforms[recaptcha]\" value=\"\"><\/div><div class=\"wpforms-submit-container\" ><input type=\"hidden\" name=\"wpforms[id]\" value=\"52\"><input type=\"hidden\" name=\"page_title\" value=\"\"><input type=\"hidden\" name=\"page_url\" value=\"https:\/\/kjvaerksted.dk\/index.php?rest_route=\/wp\/v2\/pages\/50\"><input type=\"hidden\" name=\"url_referer\" value=\"\"><button type=\"submit\" name=\"wpforms[submit]\" id=\"wpforms-submit-52\" class=\"wpforms-submit\" data-alt-text=\"Sender...\" data-submit-text=\"Send\" aria-live=\"assertive\" value=\"wpforms-submit\">Send<\/button><img decoding=\"async\" src=\"https:\/\/kjvaerksted.dk\/wp-content\/plugins\/wpforms-lite\/assets\/images\/submit-spin.svg\" class=\"wpforms-submit-spinner\" style=\"display: none;\" width=\"26\" height=\"26\" alt=\"Loading\"><\/div><\/form><\/div>  <!-- .wpforms-container -->\t\t\t\t<\/div>\n\t\t\t\t<\/div>\n\t\t\t\t\t<\/div>\n\t\t<\/div>\n\t\t\t\t\t<\/div>\n\t\t<\/section>\n\t\t\t\t<\/div>\n\t\t","protected":false},"excerpt":{"rendered":"<p>Kontakt Vi kan kontaktes p\u00e5 f\u00f8lgende m\u00e5der: Telefonnummer:\u00a0+45 26420392\u00a0\u00a0(Mandag &#8211; Fredag kl. 8 &#8211; 16) Email:\u00a0kjvaerksted@gmail.com Udenfor vores normale \u00e5bningstid kan vi kontaktes ved brug af formularen herunder. Vi bestr\u00e6ber os p\u00e5 at svare inden for 1-2 arbejdsdage og \u00f8nsker en god dialog om hvad vi kan v\u00e6re behj\u00e6lpelige med.<\/p>\n","protected":false},"author":1,"featured_media":0,"parent":0,"menu_order":0,"comment_status":"closed","ping_status":"closed","template":"","meta":{"om_disable_all_campaigns":false,"_uag_custom_page_level_css":"","_monsterinsights_skip_tracking":false,"_monsterinsights_sitenote_active":false,"_monsterinsights_sitenote_note":"","_monsterinsights_sitenote_category":0,"site-sidebar-layout":"no-sidebar","site-content-layout":"page-builder","ast-global-header-display":"","ast-main-header-display":"","ast-hfb-above-header-display":"","ast-hfb-below-header-display":"","ast-hfb-mobile-header-display":"","site-post-title":"","ast-breadcrumbs-content":"","ast-featured-img":"disabled","footer-sml-layout":"","theme-transparent-header-meta":"","adv-header-id-meta":"","stick-header-meta":"","header-above-stick-meta":"","header-main-stick-meta":"","header-below-stick-meta":"","footnotes":""},"class_list":["post-50","page","type-page","status-publish","hentry"],"aioseo_notices":[],"uagb_featured_image_src":{"full":false,"thumbnail":false,"medium":false,"medium_large":false,"large":false,"1536x1536":false,"2048x2048":false},"uagb_author_info":{"display_name":"kjvaerksted","author_link":"https:\/\/kjvaerksted.dk\/?author=1"},"uagb_comment_info":0,"uagb_excerpt":"Kontakt Vi kan kontaktes p\u00e5 f\u00f8lgende m\u00e5der: Telefonnummer:\u00a0+45 26420392\u00a0\u00a0(Mandag &#8211; Fredag kl. 8 &#8211; 16) Email:\u00a0kjvaerksted@gmail.com Udenfor vores normale \u00e5bningstid kan vi kontaktes ved brug af formularen herunder. Vi bestr\u00e6ber os p\u00e5 at svare inden for 1-2 arbejdsdage og \u00f8nsker en god dialog om hvad vi kan v\u00e6re behj\u00e6lpelige med.","_links":{"self":[{"href":"https:\/\/kjvaerksted.dk\/index.php?rest_route=\/wp\/v2\/pages\/50","targetHints":{"allow":["GET"]}}],"collection":[{"href":"https:\/\/kjvaerksted.dk\/index.php?rest_route=\/wp\/v2\/pages"}],"about":[{"href":"https:\/\/kjvaerksted.dk\/index.php?rest_route=\/wp\/v2\/types\/page"}],"author":[{"embeddable":true,"href":"https:\/\/kjvaerksted.dk\/index.php?rest_route=\/wp\/v2\/users\/1"}],"replies":[{"embeddable":true,"href":"https:\/\/kjvaerksted.dk\/index.php?rest_route=%2Fwp%2Fv2%2Fcomments&post=50"}],"version-history":[{"count":39,"href":"https:\/\/kjvaerksted.dk\/index.php?rest_route=\/wp\/v2\/pages\/50\/revisions"}],"predecessor-version":[{"id":264,"href":"https:\/\/kjvaerksted.dk\/index.php?rest_route=\/wp\/v2\/pages\/50\/revisions\/264"}],"wp:attachment":[{"href":"https:\/\/kjvaerksted.dk\/index.php?rest_route=%2Fwp%2Fv2%2Fmedia&parent=50"}],"curies":[{"name":"wp","href":"https:\/\/api.w.org\/{rel}","templated":true}]}}